{"id":359,"date":"2015-07-22T01:52:20","date_gmt":"2015-07-22T01:52:20","guid":{"rendered":"https:\/\/demo3.webapps.vn\/?page_id=359"},"modified":"2015-07-22T01:52:20","modified_gmt":"2015-07-22T01:52:20","slug":"order-tracking","status":"publish","type":"page","link":"https:\/\/demo3.webapps.vn\/?page_id=359","title":{"rendered":"Order Tracking"},"content":{"rendered":"<div class=\"woocommerce\">\n<form action=\"https:\/\/demo3.webapps.vn\/?page_id=359\" method=\"post\" class=\"woocommerce-form woocommerce-form-track-order track_order\">\n\n\t\n\t<p>\u0110\u1ec3 theo d\u00f5i \u0111\u01a1n h\u00e0ng, vui l\u00f2ng nh\u1eadp M\u00e3 \u0111\u01a1n h\u00e0ng c\u1ee7a b\u1ea1n v\u00e0o \u00f4 b\u00ean d\u01b0\u1edbi v\u00e0 nh\u1ea5n n\u00fat &quot;Theo d\u00f5i&quot;. M\u00e3 n\u00e0y \u0111\u00e3 \u0111\u01b0\u1ee3c cung c\u1ea5p cho b\u1ea1n tr\u00ean bi\u00ean nh\u1eadn v\u00e0 trong email x\u00e1c nh\u1eadn m\u00e0 b\u1ea1n \u0111\u00e3 nh\u1eadn \u0111\u01b0\u1ee3c.<\/p>\n\n\t<p class=\"form-row form-row-first\"><label for=\"orderid\">ID \u0110\u01a1n h\u00e0ng<\/label> <input class=\"input-text\" type=\"text\" name=\"orderid\" id=\"orderid\" value=\"\" placeholder=\"T\u00ecm th\u1ea5y trong email x\u00e1c nh\u1eadn \u0111\u01a1n h\u00e0ng c\u1ee7a b\u1ea1n.\" \/><\/p>\t<p class=\"form-row form-row-last\"><label for=\"order_email\">Email thanh to\u00e1n<\/label> <input class=\"input-text\" type=\"text\" name=\"order_email\" id=\"order_email\" value=\"\" placeholder=\"Email \u0111\u01b0\u1ee3c s\u1eed d\u1ee5ng trong qu\u00e1 tr\u00ecnh thanh to\u00e1n.\" \/><\/p>\t<div class=\"clear\"><\/div>\n\n\t\n\t<p class=\"form-row\"><button type=\"submit\" class=\"button\" name=\"track\" value=\"Theo d\u00f5i\">Theo d\u00f5i<\/button><\/p>\n\t<input type=\"hidden\" id=\"woocommerce-order-tracking-nonce\" name=\"woocommerce-order-tracking-nonce\" value=\"8626508ab8\" \/><input type=\"hidden\" name=\"_wp_http_referer\" value=\"\/index.php?rest_route=%2Fwp%2Fv2%2Fpages%2F359\" \/>\n\t\n<\/form>\n<\/div>\n","protected":false},"excerpt":{"rendered":"\u0110\u1ec3 theo d\u00f5i \u0111\u01a1n h\u00e0ng, vui l\u00f2ng nh\u1eadp M\u00e3 \u0111\u01a1n h\u00e0ng c\u1ee7a b\u1ea1n v\u00e0o \u00f4 b\u00ean d\u01b0\u1edbi v\u00e0 nh\u1ea5n n\u00fat &quot;Theo d\u00f5i&quot;. M\u00e3 n\u00e0y \u0111\u00e3 \u0111\u01b0\u1ee3c cung c\u1ea5p cho b\u1ea1n tr\u00ean bi\u00ean nh\u1eadn v\u00e0 trong email x\u00e1c nh\u1eadn m\u00e0 b\u1ea1n \u0111\u00e3 nh\u1eadn \u0111\u01b0\u1ee3c. ID \u0110\u01a1n h\u00e0ng Email thanh to\u00e1n Theo d\u00f5i","protected":false},"author":1,"featured_media":0,"parent":0,"menu_order":0,"comment_status":"closed","ping_status":"closed","template":"","meta":{"_monsterinsights_skip_tracking":false,"_monsterinsights_sitenote_active":false,"_monsterinsights_sitenote_note":"","_monsterinsights_sitenote_category":0,"footnotes":""},"class_list":["post-359","page","type-page","status-publish","hentry"],"_links":{"self":[{"href":"https:\/\/demo3.webapps.vn\/index.php?rest_route=\/wp\/v2\/pages\/359","targetHints":{"allow":["GET"]}}],"collection":[{"href":"https:\/\/demo3.webapps.vn\/index.php?rest_route=\/wp\/v2\/pages"}],"about":[{"href":"https:\/\/demo3.webapps.vn\/index.php?rest_route=\/wp\/v2\/types\/page"}],"author":[{"embeddable":true,"href":"https:\/\/demo3.webapps.vn\/index.php?rest_route=\/wp\/v2\/users\/1"}],"replies":[{"embeddable":true,"href":"https:\/\/demo3.webapps.vn\/index.php?rest_route=%2Fwp%2Fv2%2Fcomments&post=359"}],"version-history":[{"count":0,"href":"https:\/\/demo3.webapps.vn\/index.php?rest_route=\/wp\/v2\/pages\/359\/revisions"}],"wp:attachment":[{"href":"https:\/\/demo3.webapps.vn\/index.php?rest_route=%2Fwp%2Fv2%2Fmedia&parent=359"}],"curies":[{"name":"wp","href":"https:\/\/api.w.org\/{rel}","templated":true}]}}